{"id":20,"date":"2016-04-02T17:25:18","date_gmt":"2016-04-02T17:25:18","guid":{"rendered":"http:\/\/lofthostel.hu\/?page_id=20"},"modified":"2018-12-15T19:47:45","modified_gmt":"2018-12-15T18:47:45","slug":"directions","status":"publish","type":"page","link":"https:\/\/lofthostel.hu\/index.php\/directions\/","title":{"rendered":"Directions"},"content":{"rendered":"<p>From <strong>Ferenciek Tere<\/strong>: <em>Looking towards the Danube and the big white bridge, walk towards the river on the left hand side of the road. Veres P\u00e1ln\u00e9 utca will be the first street on your left. Or the 3rd road from the Danube, running parallel with the River. We are number 19.<\/em><\/p>\n<p>From <strong>Nyugati Train Station<\/strong>: <em>Take the blue metro (M3) to Ferenciek Tere, then follow the directions above.<\/em><\/p>\n<p>From <strong>Keleti Train Station<\/strong>: <em>Take bus 7, red 7, 78 or 73 and get off when you can see the white bridge, or ask somebody which stop Ferenciek Tere is (fe-rentsee-ek te-re). For buses 7, 78 and 173 it is 4 stops, bus red 7 (express bus) it is 2 stops. Then follow directions above.<\/em><\/p>\n<p>or take green metro (M4) to F\u0151v\u00e1m t\u00e9r. <em>Come up and walk away\u00a0from the river. Veres P\u00e1ln\u00e9 street will be the 3rd on your left side, right after the pedestrian V\u00e1ci street.<\/em><\/p>\n<p>From <strong>Kelenf\u00f6ld Train Station<\/strong>: take green metro (M4) to F\u0151v\u00e1m t\u00e9r. <em>Come up and walk away\u00a0from the river. Veres P\u00e1ln\u00e9 street will be the 3rd on your left side, right after the pedestrian V\u00e1ci street.<\/em><\/p>\n<p>From <strong>N\u00e9pliget Bus Station<\/strong>: <em>Take the blue metro to Ferenciek Tere, then follow the directions above.<\/em><\/p>\n<p>From the <strong>Airport<\/strong>: <em>Take the direct Bus 100E to the downtown. You will need a special ticket for this one, which is sold by the driver or the controllers. The bus ride takes approximately 30 minutes. Get off at the first stop, K\u00e1lvin t\u00e9r. Walk towards the green bridge. Veres P\u00e1ln\u00e9 will be the 3rd street on the right side.\u00a0<\/em><\/p>\n","protected":false},"excerpt":{"rendered":"<p>From Ferenciek Tere: Looking towards the Danube and the big white bridge, walk towards the river on the left hand side of the road. Veres P\u00e1ln\u00e9 utca will be the first street on your left. Or the 3rd road from the Danube, running parallel with the River. We are number\u2026<\/p>\n<p class=\"continue-reading-button\"> <a class=\"continue-reading-link\" href=\"https:\/\/lofthostel.hu\/index.php\/directions\/\">Continue reading<i class=\"crycon-right-dir\"><\/i><\/a><\/p>\n","protected":false},"author":1,"featured_media":0,"parent":0,"menu_order":0,"comment_status":"closed","ping_status":"closed","template":"","meta":{"footnotes":""},"class_list":["post-20","page","type-page","status-publish","hentry"],"_links":{"self":[{"href":"https:\/\/lofthostel.hu\/index.php\/wp-json\/wp\/v2\/pages\/20","targetHints":{"allow":["GET"]}}],"collection":[{"href":"https:\/\/lofthostel.hu\/index.php\/wp-json\/wp\/v2\/pages"}],"about":[{"href":"https:\/\/lofthostel.hu\/index.php\/wp-json\/wp\/v2\/types\/page"}],"author":[{"embeddable":true,"href":"https:\/\/lofthostel.hu\/index.php\/wp-json\/wp\/v2\/users\/1"}],"replies":[{"embeddable":true,"href":"https:\/\/lofthostel.hu\/index.php\/wp-json\/wp\/v2\/comments?post=20"}],"version-history":[{"count":5,"href":"https:\/\/lofthostel.hu\/index.php\/wp-json\/wp\/v2\/pages\/20\/revisions"}],"predecessor-version":[{"id":134,"href":"https:\/\/lofthostel.hu\/index.php\/wp-json\/wp\/v2\/pages\/20\/revisions\/134"}],"wp:attachment":[{"href":"https:\/\/lofthostel.hu\/index.php\/wp-json\/wp\/v2\/media?parent=20"}],"curies":[{"name":"wp","href":"https:\/\/api.w.org\/{rel}","templated":true}]}}